{"id":8593,"date":"2018-11-30T10:48:57","date_gmt":"2018-11-30T10:48:57","guid":{"rendered":"http:\/\/localhost\/projects\/solar\/?page_id=8593"},"modified":"2023-10-04T18:16:54","modified_gmt":"2023-10-04T18:16:54","slug":"contacto","status":"publish","type":"page","link":"https:\/\/clinicadentalondarreta.com\/fr\/contacto","title":{"rendered":"Contact"},"content":{"rendered":"<div data-vc-full-width=\"true\" data-vc-full-width-init=\"false\" class=\"vc_row wpb_row vc_row-fluid thsn-overflow-visible vc_custom_1563271081309 thsn-row thsn-bg-color-yes thsn-bg-color-transparent thsn-zindex-2\">\n\t\t\t<div class=\"wpb_column vc_column_container vc_col-sm-5 thsn-column thsn-bg-color-yes thsn-bg-color-transparent thsn-zindex-zero\">\n\t<div class=\"vc_column-inner vc_custom_1563604882799\">\n\t\t\t<div class=\"wpb_wrapper\">\n\t\t\t<div class=\"vc_empty_space\"   style=\"height: 22px\"><span class=\"vc_empty_space_inner\"><\/span><\/div><h3 style=\"text-align: left\" class=\"vc_custom_heading vc_custom_1627401467380\" >Information clinique<\/h3><div  class=\"thsn-ihbox thsn-ihbox-style-8  vc_custom_1627401436823\" >\r\n\t<div class=\"thsn-ihbox-box\">\r\n\t\t\t<div class=\"thsn-ihbox-headingicon d-flex align-items-center\">\r\n\t\t\t\t<div class=\"thsn-ihbox-icon\"><div class=\"thsn-ihbox-icon-wrapper\"><i class=\"thsn-dentiq-icon thsn-dentiq-icon-placeholder-1\"><\/i><\/div><\/div>\t\t\t\t<div class=\"thsn-heading\">\r\n\t\t\t\t\t<div class=\"thsn-ihbox-heading\"><\/div>\t\t\t\t\t\t\t\t\t<\/div>\r\n\t\t\t<\/div>\r\n\t\t\t<div class=\"thsn-ihbox-contents\">\r\n\t\t\t\t<div class=\"thsn-ihbox-content\">De Zumalakarregi Hiribidea, 5, basse,<br \/>\n20008 Donostia, Gipuzkoa<\/div>\t\t\t\t\t\t\t<\/div><!-- .thsn-ihbox-contents -->\r\n\t<\/div>\r\n<\/div>\r\n<div  class=\"thsn-ihbox thsn-ihbox-style-8  vc_custom_1627401448336\" >\r\n\t<div class=\"thsn-ihbox-box\">\r\n\t\t\t<div class=\"thsn-ihbox-headingicon d-flex align-items-center\">\r\n\t\t\t\t<div class=\"thsn-ihbox-icon\"><div class=\"thsn-ihbox-icon-wrapper\"><i class=\"thsn-dentiq-icon thsn-dentiq-icon-call\"><\/i><\/div><\/div>\t\t\t\t<div class=\"thsn-heading\">\r\n\t\t\t\t\t<div class=\"thsn-ihbox-heading\"><\/div>\t\t\t\t\t\t\t\t\t<\/div>\r\n\t\t\t<\/div>\r\n\t\t\t<div class=\"thsn-ihbox-contents\">\r\n\t\t\t\t<div class=\"thsn-ihbox-content\">T\u00e9l\u00e9phones : 943 210838 | 943 219347<\/div>\t\t\t\t\t\t\t<\/div><!-- .thsn-ihbox-contents -->\r\n\t<\/div>\r\n<\/div>\r\n<div  class=\"thsn-ihbox thsn-ihbox-style-8\" >\r\n\t<div class=\"thsn-ihbox-box\">\r\n\t\t\t<div class=\"thsn-ihbox-headingicon d-flex align-items-center\">\r\n\t\t\t\t<div class=\"thsn-ihbox-icon\"><div class=\"thsn-ihbox-icon-wrapper\"><i class=\"thsn-dentiq-icon thsn-dentiq-icon-medical-record\"><\/i><\/div><\/div>\t\t\t\t<div class=\"thsn-heading\">\r\n\t\t\t\t\t<div class=\"thsn-ihbox-heading\"><\/div>\t\t\t\t\t\t\t\t\t<\/div>\r\n\t\t\t<\/div>\r\n\t\t\t<div class=\"thsn-ihbox-contents\">\r\n\t\t\t\t<div class=\"thsn-ihbox-content\">Dentalondereta5@gmail.com<\/div>\t\t\t\t\t\t\t<\/div><!-- .thsn-ihbox-contents -->\r\n\t<\/div>\r\n<\/div>\r\n\n\t<div class=\"wpb_text_column wpb_content_element\" >\n\t\t<div class=\"wpb_wrapper\">\n\t\t\t<ul class=\"thsn-social-links\"><li class=\"thsn-social-li thsn-social-facebook\"><a  href=\"#\" target=\"_blank\"><span><i class=\"thsn-base-icon-facebook-squared\"><\/i><\/span><\/a><\/li><li class=\"thsn-social-li thsn-social-instagram\"><a  href=\"#\" target=\"_blank\"><span><i class=\"thsn-base-icon-instagram\"><\/i><\/span><\/a><\/li><\/ul>\n\n\t\t<\/div>\n\t<\/div>\n\t\t<\/div>\n\t<\/div>\n<\/div>\n<div class=\"thsn-contact-box wpb_column vc_column_container vc_col-sm-7 thsn-column thsn-bg-color-yes thsn-bg-color-transparent thsn-zindex-2\">\n\t<div class=\"vc_column-inner vc_custom_1563271208092\">\n\t\t\t<div class=\"wpb_wrapper\">\n\t\t\t<div  class=\"thsn-ihbox thsn-ihbox-style-hsbox   thsn-reverse-heading-yes\" >\r\n\t\t\t\t\t<div class=\"thsn-ihbox-contents\">\r\n\t\t\t<div class=\"thsn-ihbox-subheading\"><\/div>\t\t\t<div class=\"thsn-ihbox-heading\"><\/div>\t\t\t\t\t\t\t\t<\/div><!-- .thsn-ihbox-contents -->\r\n\t\t\t<\/div>\r\n<div role=\"form\" class=\"wpcf7\" id=\"wpcf7-f8606-o1\" lang=\"en-US\" dir=\"ltr\">\n<div class=\"screen-reader-response\"><p role=\"status\" aria-live=\"polite\" aria-atomic=\"true\"><\/p> <ul><\/ul><\/div>\n<form action=\"\/fr\/wp-json\/wp\/v2\/pages\/8593#wpcf7-f8606-o1\" method=\"post\" class=\"wpcf7-form init\" novalidate=\"novalidate\" data-status=\"init\" data-trp-original-action=\"\/fr\/wp-json\/wp\/v2\/pages\/8593#wpcf7-f8606-o1\">\n<div style=\"display: none;\">\n<input type=\"hidden\" name=\"_wpcf7\" value=\"8606\" \/>\n<input type=\"hidden\" name=\"_wpcf7_version\" value=\"5.5.6\" \/>\n<input type=\"hidden\" name=\"_wpcf7_locale\" value=\"en_US\" \/>\n<input type=\"hidden\" name=\"_wpcf7_unit_tag\" value=\"wpcf7-f8606-o1\" \/>\n<input type=\"hidden\" name=\"_wpcf7_container_post\" value=\"0\" \/>\n<input type=\"hidden\" name=\"_wpcf7_posted_data_hash\" value=\"\" \/>\n<input type=\"hidden\" name=\"_wpcf7_recaptcha_response\" value=\"\" \/>\n<\/div>\n<div class=\"thsn-main-form thsn-style-3\">\n<div class=\"row\">\n<div class=\"col-sm-6\">\n<div class=\"input-group\"><span class=\"wpcf7-form-control-wrap your-name\"><input type=\"text\" name=\"your-name\" value=\"\" size=\"40\" class=\"wpcf7-form-control wpcf7-text\" aria-invalid=\"false\" placeholder=\"Nom *\" \/><\/span><\/div>\n<\/div>\n<div class=\"col-sm-6\">\n<div class=\"input-group\"><span class=\"wpcf7-form-control-wrap your-phone\"><input type=\"text\" name=\"your-phone\" value=\"\" size=\"40\" class=\"wpcf7-form-control wpcf7-text\" aria-invalid=\"false\" placeholder=\"T\u00e9l\u00e9phone *\" \/><\/span><\/div>\n<\/div>\n<div class=\"col-sm-6\">\n<div class=\"input-group\"><span class=\"wpcf7-form-control-wrap your-email\"><input type=\"email\" name=\"your-email\" value=\"\" size=\"40\" class=\"wpcf7-form-control wpcf7-text wpcf7-email wpcf7-validates-as-required wpcf7-validates-as-email\" aria-required=\"true\" aria-invalid=\"false\" placeholder=\"Email *\" \/><\/span><\/div>\n<\/div>\n<div class=\"col-sm-6\">\n<div class=\"input-group input-button\"><span class=\"wpcf7-form-control-wrap website-url\"><input type=\"text\" name=\"website-url\" value=\"\" size=\"40\" class=\"wpcf7-form-control wpcf7-text\" aria-invalid=\"false\" placeholder=\"Affaire\" \/><\/span><\/div>\n<\/div>\n<div class=\"col-sm-12\">\n<div class=\"input-group input-button\"><span class=\"wpcf7-form-control-wrap message\"><textarea name=\"message\" cols=\"40\" rows=\"5\" class=\"wpcf7-form-control wpcf7-textarea\" aria-invalid=\"false\" placeholder=\"message\"><\/textarea><\/span><\/div>\n<\/div>\n<div class=\"col-sm-12\">\n<div class=\"input-group input-button\"><input type=\"submit\" value=\"Demander des informations\" class=\"wpcf7-form-control has-spinner wpcf7-submit\" \/><\/div>\n<\/div>\n<\/div>\n<\/div>\n<div class=\"wpcf7-response-output\" aria-hidden=\"true\"><\/div><input type=\"hidden\" name=\"trp-form-language\" value=\"fr\"\/><\/form><\/div>\t\t<\/div>\n\t<\/div>\n<\/div>\n<\/div>\n<div class=\"vc_row-full-width vc_clearfix\"><\/div><div data-vc-full-width=\"true\" data-vc-full-width-init=\"false\" data-vc-stretch-content=\"true\" class=\"vc_row wpb_row vc_row-fluid thsn-row thsn-bg-color-yes thsn-bg-color-transparent thsn-zindex-zero vc_row-no-padding\">\n\t\t\t<div class=\"wpb_column vc_column_container vc_col-sm-12 thsn-column thsn-bg-color-yes thsn-bg-color-transparent thsn-zindex-zero\">\n\t<div class=\"vc_column-inner\">\n\t\t\t<div class=\"wpb_wrapper\">\n\t\t\t\n\t<div class=\"wpb_raw_code wpb_content_element wpb_raw_html\" >\n\t\t<div class=\"wpb_wrapper\">\n\t\t\t<div class=\"BorlabsCookie\"><div class=\"_brlbs-content-blocker\"> <div class=\"_brlbs-embed _brlbs-google-maps\"> <img class=\"_brlbs-thumbnail\" src=\"https:\/\/clinicadentalondarreta.com\/wp-content\/plugins\/borlabs-cookie\/images\/cb-maps.png\" alt=\"Google Maps\"> <div class=\"_brlbs-caption\"> <p>En t\u00e9l\u00e9chargeant la carte, vous acceptez la politique de confidentialit\u00e9 de Google.<br><a href=\"https:\/\/policies.google.com\/privacy?hl=en&amp;gl=en\" target=\"_blank\" rel=\"nofollow noopener noreferrer\">Plus d&#039;informations<\/a><\/p> <p><a class=\"_brlbs-btn\" href=\"#\" data-borlabs-cookie-unblock role=\"button\">Charger la carte<\/a><\/p> <p><label><input type=\"checkbox\" name=\"unblockAll\" value=\"1\" checked> <small>D\u00e9bloquez toujours Google Maps<\/small><\/label><\/p> <\/div> <\/div> <\/div><div class=\"borlabs-hide\" data-borlabs-cookie-type=\"content-blocker\" data-borlabs-cookie-id=\"googlemaps\"><script type=\"text\/template\">PGlmcmFtZSBzcmM9Imh0dHBzOi8vd3d3Lmdvb2dsZS5jb20vbWFwcy9lbWJlZD9wYj0hMW0xOCExbTEyITFtMyExZDI5MDIuOTY4NjYwMjkyMDc3ITJkLTIuMDAzNzc3OTg1MTMyMjA4NiEzZDQzLjMxNDkxNTQ4MjI1ODI4ITJtMyExZjAhMmYwITNmMCEzbTIhMWkxMDI0ITJpNzY4ITRmMTMuMSEzbTMhMW0yITFzMHhkNTFiYWE2ZGQ3ZjZjYzUlM0EweGM2ZDQ5NjljMTU3ZGM1YyEyc0RFTlRBTCUyME9OREFSUkVUQSE1ZTAhM20yITFzZXMhMnNlcyE0djE2Mjc0MDE0NzIyNzMhNW0yITFzZXMhMnNlcyIgd2lkdGg9IjE2MDAiIGhlaWdodD0iNDUwIiBzdHlsZT0iYm9yZGVyOjA7IiBhbGxvd2Z1bGxzY3JlZW49IiIgbG9hZGluZz0ibGF6eSI+PC9pZnJhbWU+<\/script><\/div><\/div>\n\t\t<\/div>\n\t<\/div>\n\t\t<\/div>\n\t<\/div>\n<\/div>\n<\/div>\n<div class=\"vc_row-full-width vc_clearfix\"><\/div><div id=\"cita\" data-vc-full-width=\"true\" data-vc-full-width-init=\"false\" class=\"vc_row wpb_row vc_row-fluid vc_custom_1613962892015 thsn-row thsn-text-color-yes thsn-text-color-white thsn-bg-color-yes thsn-bg-color-globalcolor thsn-zindex-zero thsn-bgimage-over-bgcolor vc_row-has-fill vc_row-o-content-middle vc_row-flex\">\n\t\t\t<div class=\"wpb_column vc_column_container vc_col-sm-8 thsn-column thsn-bg-color-yes thsn-bg-color-transparent thsn-zindex-zero\">\n\t<div class=\"vc_column-inner\">\n\t\t\t<div class=\"wpb_wrapper\">\n\t\t\t<div  class=\"thsn-ihbox thsn-ihbox-style-10  thsn-reverse-heading-yes\" >\r\n\t<div class=\"thsn-ihbox-contents\">\r\n\t\t<div class=\"thsn-ihbox-headingicon d-flex align-items-center\">\r\n\t\t\t<div class=\"thsn-ihbox-icon\"><div class=\"thsn-ihbox-icon-wrapper\"><i class=\"thsn-dentiq-icon thsn-dentiq-icon-healthcare-and-medical\"><\/i><\/div><\/div>\t\t\t<div class=\"thsn-ihbox-contents\">\r\n\t\t\t\t<div class=\"thsn-ihbox-subheading\"><\/div>\t\t\t\t<div class=\"thsn-ihbox-heading\"><\/div>\t\t\t\t\t\t\t\t\t\t\t<\/div><!-- .thsn-ihbox-contents -->\r\n\t\t<\/div>\r\n\t<\/div>\r\n<\/div>\r\n\t\t<\/div>\n\t<\/div>\n<\/div>\n<div class=\"wpb_column vc_column_container vc_col-sm-4 thsn-column thsn-bg-color-yes thsn-bg-color-transparent thsn-zindex-zero thsn-responsive-custom-63721479\">\n\t<div class=\"vc_column-inner\">\n\t\t\t<div class=\"wpb_wrapper\">\n\t\t\t<div class=\"vc_empty_space\"   style=\"height: 18px\"><span class=\"vc_empty_space_inner\"><\/span><\/div>\n\t<div class=\"wpb_text_column wpb_content_element\" >\n\t\t<div class=\"wpb_wrapper\">\n\t\t\t<h2 style=\"text-align: center;\">Demander un rendez-vous<\/h2>\n\n\t\t<\/div>\n\t<\/div>\n\n\t<div class=\"wpb_raw_code wpb_content_element wpb_raw_html\" >\n\t\t<div class=\"wpb_wrapper\">\n\t\t\t<center> <div id=\"nta-wabutton-13207\" style=\"margin: 30px 0 30px;\"><a target=\"_blank\" href=\"https:\/\/web.whatsapp.com\/send?phone=34636303096\" class=\"wa__button wa__r_button wa__stt_online wa__btn_w_icon\"><div class=\"wa__btn_icon\"><img src=\"https:\/\/clinicadentalondarreta.com\/wp-content\/plugins\/whatsapp-for-wordpress\/assets\/img\/whatsapp_logo.svg\" alt=\"img\"\/><\/div><div class=\"wa__btn_txt\"><div class=\"wa__cs_info\"><div class=\"wa__cs_name\">Demander une date<\/div><div class=\"wa__cs_status\">Online<\/div><\/div><div class=\"wa__btn_title\">Ravi de vous servir !<\/div><\/div><\/a><\/div> <\/center>\n\t\t<\/div>\n\t<\/div>\n\n\t<div class=\"wpb_text_column wpb_content_element\" >\n\t\t<div class=\"wpb_wrapper\">\n\t\t\t<h5 style=\"text-align: center;\"><span style=\"color: #ffffff;\"><strong style=\"color: #ffffff;\"><span style=\"color: #ffffff;\"><a style=\"color: #ffffff;\" href=\"tel:943210838\">Appelez-nous : 943210838 | 943219347 <\/a><\/span><\/strong><\/span><\/h5>\n<h5 style=\"text-align: center;\"><span style=\"color: #ffffff;\"><strong style=\"color: #ffffff;\"><span style=\"color: #ffffff;\"><a style=\"color: #ffffff;\" href=\"mailto:info@clinicadentalondarreta.com\">\u00c9crivez-nous : info@clinicadentalondarreta.com<\/a> <\/span><\/strong><\/span><\/h5>\n\n\t\t<\/div>\n\t<\/div>\n\t\t<\/div>\n\t<\/div>\n<\/div>\n<\/div>\n<div class=\"vc_row-full-width vc_clearfix\"><\/div><div data-vc-full-width=\"true\" data-vc-full-width-init=\"false\" class=\"vc_row wpb_row vc_row-fluid vc_custom_1613525999791 thsn-row thsn-bg-color-yes thsn-bg-color-transparent thsn-zindex-zero\">\n\t\t\t<div class=\"wpb_column vc_column_container vc_col-sm-6 thsn-column thsn-bg-color-yes thsn-bg-color-transparent thsn-zindex-zero\">\n\t<div class=\"vc_column-inner\">\n\t\t\t<div class=\"wpb_wrapper\">\n\t\t\t<div  class=\"thsn-single-image-w thsn-single-hover-yes  thsn-small-text-pos-bottom\"><img class=\"thsn_vc_single_image-img\" src=\"https:\/\/clinicadentalondarreta.com\/wp-content\/uploads\/2021\/12\/Disen\u0303o-sin-ti\u0301tulo-16.jpg\" width=\"580\" height=\"360\" alt=\"imagen de Zona de Contacto Ondarreta Dental\" title=\"Zone de contact dentaire d&#039;Ondarreta\" \/><div class=\"thsn-overlay\"><div \tclass=\"vc_icon_element vc_icon_element-outer thsn-lightbox thsn-lightbox-video vc_icon_element-align-left\">\n\t<div class=\"vc_icon_element-inner vc_icon_element-color-globalcolor vc_icon_element-size-md vc_icon_element-style- vc_icon_element-background-color-globalcolor\" >\n\t\t<span class=\"vc_icon_element-icon fa fa-info-circle\" ><\/span><a class=\"vc_icon_element-link\" href=\"https:\/\/clinicadentalondarreta.com\/wp-content\/uploads\/2021\/12\/Disen\u0303o-sin-ti\u0301tulo-16.jpg\"  title=\"\" target=\"_self\"><\/a><\/div>\n<\/div>\n<\/div><a href=\"https:\/\/clinicadentalondarreta.com\/wp-content\/uploads\/2021\/12\/Disen\u0303o-sin-ti\u0301tulo-16.jpg\" class=\"thsn-lightbox\"><span class=\"themesion-hide\">Click Here<\/span><\/a><\/div>\t\t<\/div>\n\t<\/div>\n<\/div>\n<div class=\"wpb_column vc_column_container vc_col-sm-6 thsn-column thsn-bg-color-yes thsn-bg-color-transparent thsn-zindex-zero\">\n\t<div class=\"vc_column-inner\">\n\t\t\t<div class=\"wpb_wrapper\">\n\t\t\t<div  class=\"thsn-single-image-w thsn-single-hover-yes  thsn-small-text-pos-bottom\"><img class=\"thsn_vc_single_image-img\" src=\"https:\/\/clinicadentalondarreta.com\/wp-content\/uploads\/2021\/07\/ondarreta-800x500.jpeg\" width=\"800\" height=\"500\" alt=\"imagen de dental ondarreta\" title=\"ondarreta dentaire\" \/><div class=\"thsn-overlay\"><div \tclass=\"vc_icon_element vc_icon_element-outer thsn-lightbox thsn-lightbox-video vc_icon_element-align-left\">\n\t<div class=\"vc_icon_element-inner vc_icon_element-color-globalcolor vc_icon_element-size-md vc_icon_element-style- vc_icon_element-background-color-globalcolor\" >\n\t\t<span class=\"vc_icon_element-icon fa fa-info-circle\" ><\/span><a class=\"vc_icon_element-link\" href=\"https:\/\/clinicadentalondarreta.com\/wp-content\/uploads\/2021\/07\/ondarreta.jpeg\"  title=\"\" target=\"_self\"><\/a><\/div>\n<\/div>\n<\/div><a href=\"https:\/\/clinicadentalondarreta.com\/wp-content\/uploads\/2021\/07\/ondarreta.jpeg\" class=\"thsn-lightbox\"><span class=\"themesion-hide\">Click Here<\/span><\/a><\/div>\t\t<\/div>\n\t<\/div>\n<\/div>\n<\/div>\n<div class=\"vc_row-full-width vc_clearfix\"><\/div>","protected":false},"excerpt":{"rendered":"Informaci\u00f3n de la Cl\u00ednica De Zumalakarregi Hiribidea, 5, bajo, 20008 Donostia, Gipuzkoa Tel\u00e9fonos: 943 210838 | 943 219347 Dentalondarreta5@gmail.com Solicita Cita Solicitar CitaOnline\u00a1Encantados de Atenderte! Ll\u00e1manos: 943210838 | 943219347 Escr\u00edbenos: info@clinicadentalondarreta.com Click Here Click Here","protected":false},"author":1,"featured_media":0,"parent":0,"menu_order":18,"comment_status":"closed","ping_status":"closed","template":"","meta":{"footnotes":""},"acf":[],"yoast_head":"<!-- This site is optimized with the Yoast SEO Premium plugin v16.5 (Yoast SEO v18.6) - https:\/\/yoast.com\/wordpress\/plugins\/seo\/ -->\n<title>Contacto - Cl\u00ednica Dental Ondarreta<\/title>\n<meta name=\"robots\" content=\"index, follow, max-snippet:-1, max-image-preview:large, max-video-preview:-1\" \/>\n<link rel=\"canonical\" href=\"https:\/\/clinicadentalondarreta.com\/fr\/contacto\/\" \/>\n<meta property=\"og:locale\" content=\"fr_FR\" \/>\n<meta property=\"og:type\" content=\"article\" \/>\n<meta property=\"og:title\" content=\"Contacto\" \/>\n<meta property=\"og:url\" content=\"https:\/\/clinicadentalondarreta.com\/fr\/contacto\/\" \/>\n<meta property=\"og:site_name\" content=\"Cl\u00ednica Dental Ondarreta\" \/>\n<meta property=\"article:publisher\" content=\"https:\/\/www.facebook.com\/ramonsotoymiriamroderoclinicadental\" \/>\n<meta property=\"article:modified_time\" content=\"2023-10-04T18:16:54+00:00\" \/>\n<meta name=\"twitter:card\" content=\"summary_large_image\" \/>\n<meta name=\"twitter:label1\" content=\"Dur\u00e9e de lecture estim\u00e9e\" \/>\n\t<meta name=\"twitter:data1\" content=\"1 minute\" \/>\n<script type=\"application\/ld+json\" class=\"yoast-schema-graph\">{\"@context\":\"https:\/\/schema.org\",\"@graph\":[{\"@type\":[\"Organization\",\"Place\",\"MedicalClinic\"],\"@id\":\"https:\/\/clinicadentalondarreta.com\/esp\/#organization\",\"name\":\"Dental Cea Bermudez 46\",\"url\":\"https:\/\/clinicadentalondarreta.com\/esp\/\",\"sameAs\":[\"https:\/\/www.facebook.com\/ramonsotoymiriamroderoclinicadental\"],\"logo\":{\"@type\":\"ImageObject\",\"@id\":\"https:\/\/clinicadentalondarreta.com\/esp\/#logo\",\"inLanguage\":\"fr-FR\",\"url\":\"\",\"contentUrl\":\"\",\"caption\":\"Dental Cea Bermudez 46\"},\"image\":{\"@id\":\"https:\/\/clinicadentalondarreta.com\/esp\/#logo\"},\"location\":{\"@id\":\"https:\/\/clinicadentalondarreta.com\/contacto#local-place\"},\"address\":{\"@id\":\"https:\/\/clinicadentalondarreta.com\/contacto#local-place-address\"},\"email\":\"info@clinicadentalondarreta.com\",\"telephone\":\"915 33 31 31\",\"areaServed\":\"Madrid\",\"currenciesAccepted\":\"\u20ac\",\"paymentAccepted\":\"Efectivo, Financiaci\u00f3n, Tarjeta de d\u00e9bito\/cr\u00e9dito, Transferencia bancaria\"},{\"@type\":\"WebSite\",\"@id\":\"https:\/\/clinicadentalondarreta.com\/esp\/#website\",\"url\":\"https:\/\/clinicadentalondarreta.com\/esp\/\",\"name\":\"Cl\u00ednica Dental Ondarreta\",\"description\":\"Cl\u00ednica Dental en San Sebasti\u00e1n\",\"publisher\":{\"@id\":\"https:\/\/clinicadentalondarreta.com\/esp\/#organization\"},\"potentialAction\":[{\"@type\":\"SearchAction\",\"target\":{\"@type\":\"EntryPoint\",\"urlTemplate\":\"https:\/\/clinicadentalondarreta.com\/esp\/?s={search_term_string}\"},\"query-input\":\"required name=search_term_string\"}],\"inLanguage\":\"fr-FR\"},{\"@type\":\"WebPage\",\"@id\":\"https:\/\/clinicadentalondarreta.com\/contacto#webpage\",\"url\":\"https:\/\/clinicadentalondarreta.com\/contacto\",\"name\":\"Contacto - Cl\u00ednica Dental Ondarreta\",\"isPartOf\":{\"@id\":\"https:\/\/clinicadentalondarreta.com\/esp\/#website\"},\"datePublished\":\"2018-11-30T10:48:57+00:00\",\"dateModified\":\"2023-10-04T18:16:54+00:00\",\"breadcrumb\":{\"@id\":\"https:\/\/clinicadentalondarreta.com\/contacto#breadcrumb\"},\"inLanguage\":\"fr-FR\",\"potentialAction\":[{\"@type\":\"ReadAction\",\"target\":[\"https:\/\/clinicadentalondarreta.com\/contacto\"]}]},{\"@type\":\"BreadcrumbList\",\"@id\":\"https:\/\/clinicadentalondarreta.com\/contacto#breadcrumb\",\"itemListElement\":[{\"@type\":\"ListItem\",\"position\":1,\"name\":\"Home\",\"item\":\"https:\/\/clinicadentalondarreta.com\/\"},{\"@type\":\"ListItem\",\"position\":2,\"name\":\"Contacto\"}]},{\"@type\":\"Place\",\"@id\":\"https:\/\/clinicadentalondarreta.com\/contacto#local-place\",\"address\":{\"@type\":\"PostalAddress\",\"@id\":\"https:\/\/clinicadentalondarreta.com\/contacto#local-place-address\",\"streetAddress\":\"Calle Cea Bermudez 46, 1\u00ba Centro, 28003, Madrid\",\"addressLocality\":\"Madrid\",\"postalCode\":\"28003\",\"addressRegion\":\"Comunidad de Madrid\",\"addressCountry\":\"ES\"},\"geo\":{\"@type\":\"GeoCoordinates\",\"latitude\":\"\",\"longitude\":\"\"},\"openingHoursSpecification\":[{\"@type\":\"OpeningHoursSpecification\",\"dayOfWeek\":[\"Monday\",\"Tuesday\",\"Wednesday\",\"Thursday\",\"Friday\"],\"opens\":\"09:00\",\"closes\":\"19:00\"},{\"@type\":\"OpeningHoursSpecification\",\"dayOfWeek\":[\"Saturday\",\"Sunday\"],\"opens\":\"00:00\",\"closes\":\"00:00\"}],\"telephone\":\"915 33 31 31\"}]}<\/script>\n<!-- \/ Yoast SEO Premium plugin. -->","yoast_head_json":{"title":"Contacto - Cl\u00ednica Dental Ondarreta","robots":{"index":"index","follow":"follow","max-snippet":"max-snippet:-1","max-image-preview":"max-image-preview:large","max-video-preview":"max-video-preview:-1"},"canonical":"https:\/\/clinicadentalondarreta.com\/fr\/contacto\/","og_locale":"fr_FR","og_type":"article","og_title":"Contacto","og_url":"https:\/\/clinicadentalondarreta.com\/fr\/contacto\/","og_site_name":"Cl\u00ednica Dental Ondarreta","article_publisher":"https:\/\/www.facebook.com\/ramonsotoymiriamroderoclinicadental","article_modified_time":"2023-10-04T18:16:54+00:00","twitter_card":"summary_large_image","twitter_misc":{"Dur\u00e9e de lecture estim\u00e9e":"1 minute"},"schema":{"@context":"https:\/\/schema.org","@graph":[{"@type":["Organization","Place","MedicalClinic"],"@id":"https:\/\/clinicadentalondarreta.com\/esp\/#organization","name":"Dental Cea Bermudez 46","url":"https:\/\/clinicadentalondarreta.com\/esp\/","sameAs":["https:\/\/www.facebook.com\/ramonsotoymiriamroderoclinicadental"],"logo":{"@type":"ImageObject","@id":"https:\/\/clinicadentalondarreta.com\/esp\/#logo","inLanguage":"fr-FR","url":"","contentUrl":"","caption":"Dental Cea Bermudez 46"},"image":{"@id":"https:\/\/clinicadentalondarreta.com\/esp\/#logo"},"location":{"@id":"https:\/\/clinicadentalondarreta.com\/contacto#local-place"},"address":{"@id":"https:\/\/clinicadentalondarreta.com\/contacto#local-place-address"},"email":"info@clinicadentalondarreta.com","telephone":"915 33 31 31","areaServed":"Madrid","currenciesAccepted":"\u20ac","paymentAccepted":"Efectivo, Financiaci\u00f3n, Tarjeta de d\u00e9bito\/cr\u00e9dito, Transferencia bancaria"},{"@type":"WebSite","@id":"https:\/\/clinicadentalondarreta.com\/esp\/#website","url":"https:\/\/clinicadentalondarreta.com\/esp\/","name":"Cl\u00ednica Dental Ondarreta","description":"Cl\u00ednica Dental en San Sebasti\u00e1n","publisher":{"@id":"https:\/\/clinicadentalondarreta.com\/esp\/#organization"},"potentialAction":[{"@type":"SearchAction","target":{"@type":"EntryPoint","urlTemplate":"https:\/\/clinicadentalondarreta.com\/esp\/?s={search_term_string}"},"query-input":"required name=search_term_string"}],"inLanguage":"fr-FR"},{"@type":"WebPage","@id":"https:\/\/clinicadentalondarreta.com\/contacto#webpage","url":"https:\/\/clinicadentalondarreta.com\/contacto","name":"Contacto - Cl\u00ednica Dental Ondarreta","isPartOf":{"@id":"https:\/\/clinicadentalondarreta.com\/esp\/#website"},"datePublished":"2018-11-30T10:48:57+00:00","dateModified":"2023-10-04T18:16:54+00:00","breadcrumb":{"@id":"https:\/\/clinicadentalondarreta.com\/contacto#breadcrumb"},"inLanguage":"fr-FR","potentialAction":[{"@type":"ReadAction","target":["https:\/\/clinicadentalondarreta.com\/contacto"]}]},{"@type":"BreadcrumbList","@id":"https:\/\/clinicadentalondarreta.com\/contacto#breadcrumb","itemListElement":[{"@type":"ListItem","position":1,"name":"Home","item":"https:\/\/clinicadentalondarreta.com\/"},{"@type":"ListItem","position":2,"name":"Contacto"}]},{"@type":"Place","@id":"https:\/\/clinicadentalondarreta.com\/contacto#local-place","address":{"@type":"PostalAddress","@id":"https:\/\/clinicadentalondarreta.com\/contacto#local-place-address","streetAddress":"Calle Cea Bermudez 46, 1\u00ba Centro, 28003, Madrid","addressLocality":"Madrid","postalCode":"28003","addressRegion":"Comunidad de Madrid","addressCountry":"ES"},"geo":{"@type":"GeoCoordinates","latitude":"","longitude":""},"openingHoursSpecification":[{"@type":"OpeningHoursSpecification","dayOfWeek":["Monday","Tuesday","Wednesday","Thursday","Friday"],"opens":"09:00","closes":"19:00"},{"@type":"OpeningHoursSpecification","dayOfWeek":["Saturday","Sunday"],"opens":"00:00","closes":"00:00"}],"telephone":"915 33 31 31"}]}},"_links":{"self":[{"href":"https:\/\/clinicadentalondarreta.com\/fr\/wp-json\/wp\/v2\/pages\/8593"}],"collection":[{"href":"https:\/\/clinicadentalondarreta.com\/fr\/wp-json\/wp\/v2\/pages"}],"about":[{"href":"https:\/\/clinicadentalondarreta.com\/fr\/wp-json\/wp\/v2\/types\/page"}],"author":[{"embeddable":true,"href":"https:\/\/clinicadentalondarreta.com\/fr\/wp-json\/wp\/v2\/users\/1"}],"replies":[{"embeddable":true,"href":"https:\/\/clinicadentalondarreta.com\/fr\/wp-json\/wp\/v2\/comments?post=8593"}],"version-history":[{"count":5,"href":"https:\/\/clinicadentalondarreta.com\/fr\/wp-json\/wp\/v2\/pages\/8593\/revisions"}],"predecessor-version":[{"id":14792,"href":"https:\/\/clinicadentalondarreta.com\/fr\/wp-json\/wp\/v2\/pages\/8593\/revisions\/14792"}],"wp:attachment":[{"href":"https:\/\/clinicadentalondarreta.com\/fr\/wp-json\/wp\/v2\/media?parent=8593"}],"curies":[{"name":"wp","href":"https:\/\/api.w.org\/{rel}","templated":true}]}}