{"id":8560,"date":"2018-11-30T09:54:59","date_gmt":"2018-11-30T09:54:59","guid":{"rendered":"http:\/\/localhost\/projects\/solar\/?page_id=8560"},"modified":"2021-07-27T15:56:31","modified_gmt":"2021-07-27T15:56:31","slug":"tratamientos","status":"publish","type":"page","link":"https:\/\/clinicadentalondarreta.com\/fr\/tratamientos","title":{"rendered":"Traitements"},"content":{"rendered":"<div data-vc-full-width=\"true\" data-vc-full-width-init=\"false\" class=\"vc_row wpb_row vc_row-fluid vc_custom_1613957442740 thsn-row thsn-bg-color-yes thsn-bg-color-white thsn-zindex-zero\">\n\t\t\t<div class=\"wpb_column vc_column_container vc_col-sm-12 thsn-column thsn-bg-color-yes thsn-bg-color-transparent thsn-zindex-zero\">\n\t<div class=\"vc_column-inner\">\n\t\t\t<div class=\"wpb_wrapper\">\n\t\t\t<div  class=\"themesion-element themesion-element-service thsn-element-service-style-4 themesion-element-viewtype-row-column themesion-gap-15px thsn-sortable-no\" data-show=\"12\" data-columns=\"3\" data-loop=\"false\" data-autoplay=\"false\" data-center=\"false\" data-nav=\"false\" data-dots=\"false\" data-autoplayspeed=\"1000\" data-margin=\"15px\"><div class=\"themesion-element-inner\"><div  class=\"thsn-ihbox thsn-ihbox-style-hsbox  thsn-reverse-heading-yes thsn-align-center\" >\r\n\t\t\t\t\t<div class=\"thsn-ihbox-contents\">\r\n\t\t\t<div class=\"thsn-ihbox-subheading\"><\/div>\t\t\t<div class=\"thsn-ihbox-heading\"><\/div>\t\t\t\t\t\t\t\t<\/div><!-- .thsn-ihbox-contents -->\r\n\t\t\t<\/div>\r\n<div class=\"thsn-element-posts-wrapper row multi-columns-row\"><div class=\"thsn-ele thsn-service-ele col-md-4\"><article class=\"themesion-ele themesion-ele-service thsn-service-style-4\">\n\t<div class=\"themesion-post-item\">\t\t\t  \n\t\t<div class=\"thsn-featured-wrapper\"><a href=\"https:\/\/clinicadentalondarreta.com\/fr\/tratamiento\/atm-y-bruxismo\"><img width=\"770\" height=\"500\" src=\"https:\/\/clinicadentalondarreta.com\/wp-content\/uploads\/2021\/06\/ATM-770x500.jpg\" class=\"attachment-thsn-img-770x500 size-thsn-img-770x500 wp-post-image\" alt=\"\" data-id=\"14395\" \/><\/a><\/div>\t\n\t\t<div class=\"themesion-box-content\">\t\t\t\t\t\t\n\t\t\t<div class=\"themesion-box-content-inner\">\n\t\t\t\t<div class=\"thsn-service-icon\">\n\t\t\t\t\t<div class=\"thsn-service-icon-wrapper\">\n\t\t\t\t\t\t<i class=\"thsn-dentiq-icon thsn-dentiq-icon-tooth\"><\/i>\t\t\t\t\t<\/div>\n\t\t\t\t<\/div>\n\t\t\t\t<h3 class=\"thsn-service-title\"><a href=\"https:\/\/clinicadentalondarreta.com\/fr\/tratamiento\/atm-y-bruxismo\">Bruxisme<\/a><\/h3> \n\t\t\t<\/div>\n\t\t<\/div>\n\t<\/div>\n<\/article>\n<\/div><div class=\"thsn-ele thsn-service-ele col-md-4\"><article class=\"themesion-ele themesion-ele-service thsn-service-style-4\">\n\t<div class=\"themesion-post-item\">\t\t\t  \n\t\t<div class=\"thsn-featured-wrapper\"><a href=\"https:\/\/clinicadentalondarreta.com\/fr\/tratamiento\/medicina-oral\"><img width=\"770\" height=\"500\" src=\"https:\/\/clinicadentalondarreta.com\/wp-content\/uploads\/2021\/06\/Diseno-sin-titulo-2-770x500.jpg\" class=\"attachment-thsn-img-770x500 size-thsn-img-770x500 wp-post-image\" alt=\"imagen de medicina oral ondarreta\" data-id=\"14766\" \/><\/a><\/div>\t\n\t\t<div class=\"themesion-box-content\">\t\t\t\t\t\t\n\t\t\t<div class=\"themesion-box-content-inner\">\n\t\t\t\t<div class=\"thsn-service-icon\">\n\t\t\t\t\t<div class=\"thsn-service-icon-wrapper\">\n\t\t\t\t\t\t<i class=\"thsn-dentiq-icon thsn-dentiq-icon-drill\"><\/i>\t\t\t\t\t<\/div>\n\t\t\t\t<\/div>\n\t\t\t\t<h3 class=\"thsn-service-title\"><a href=\"https:\/\/clinicadentalondarreta.com\/fr\/tratamiento\/medicina-oral\">M\u00e9decine orale<\/a><\/h3> \n\t\t\t<\/div>\n\t\t<\/div>\n\t<\/div>\n<\/article>\n<\/div><div class=\"thsn-ele thsn-service-ele col-md-4\"><article class=\"themesion-ele themesion-ele-service thsn-service-style-4\">\n\t<div class=\"themesion-post-item\">\t\t\t  \n\t\t<div class=\"thsn-featured-wrapper\"><a href=\"https:\/\/clinicadentalondarreta.com\/fr\/tratamiento\/cirugia-oral\"><img width=\"770\" height=\"500\" src=\"https:\/\/clinicadentalondarreta.com\/wp-content\/uploads\/2018\/10\/cirugia-oral-clinica-dental-moratalaz-66-770x500.jpg\" class=\"attachment-thsn-img-770x500 size-thsn-img-770x500 wp-post-image\" alt=\"imagen de cirugia oral clinica dental Premi\u00e0\" data-id=\"12711\" \/><\/a><\/div>\t\n\t\t<div class=\"themesion-box-content\">\t\t\t\t\t\t\n\t\t\t<div class=\"themesion-box-content-inner\">\n\t\t\t\t<div class=\"thsn-service-icon\">\n\t\t\t\t\t<div class=\"thsn-service-icon-wrapper\">\n\t\t\t\t\t\t<i class=\"thsn-dentiq-icon thsn-dentiq-icon-chair\"><\/i>\t\t\t\t\t<\/div>\n\t\t\t\t<\/div>\n\t\t\t\t<h3 class=\"thsn-service-title\"><a href=\"https:\/\/clinicadentalondarreta.com\/fr\/tratamiento\/cirugia-oral\">Chirurgie buccale<\/a><\/h3> \n\t\t\t<\/div>\n\t\t<\/div>\n\t<\/div>\n<\/article>\n<\/div><div class=\"thsn-ele thsn-service-ele col-md-4\"><article class=\"themesion-ele themesion-ele-service thsn-service-style-4\">\n\t<div class=\"themesion-post-item\">\t\t\t  \n\t\t<div class=\"thsn-featured-wrapper\"><a href=\"https:\/\/clinicadentalondarreta.com\/fr\/tratamiento\/odontologia-conservadora\"><img width=\"770\" height=\"500\" src=\"https:\/\/clinicadentalondarreta.com\/wp-content\/uploads\/2018\/10\/odontologi\u0301a-preventiva-clinica-dental-moratalaz-66-770x500.jpg\" class=\"attachment-thsn-img-770x500 size-thsn-img-770x500 wp-post-image\" alt=\"imagen de odontolog\u00eda preventiva clinica dental Premi\u00e0\" data-id=\"12713\" \/><\/a><\/div>\t\n\t\t<div class=\"themesion-box-content\">\t\t\t\t\t\t\n\t\t\t<div class=\"themesion-box-content-inner\">\n\t\t\t\t<div class=\"thsn-service-icon\">\n\t\t\t\t\t<div class=\"thsn-service-icon-wrapper\">\n\t\t\t\t\t\t<i class=\"thsn-dentiq-icon thsn-dentiq-icon-drill\"><\/i>\t\t\t\t\t<\/div>\n\t\t\t\t<\/div>\n\t\t\t\t<h3 class=\"thsn-service-title\"><a href=\"https:\/\/clinicadentalondarreta.com\/fr\/tratamiento\/odontologia-conservadora\">Dentisterie conservatrice<\/a><\/h3> \n\t\t\t<\/div>\n\t\t<\/div>\n\t<\/div>\n<\/article>\n<\/div><div class=\"thsn-ele thsn-service-ele col-md-4\"><article class=\"themesion-ele themesion-ele-service thsn-service-style-4\">\n\t<div class=\"themesion-post-item\">\t\t\t  \n\t\t<div class=\"thsn-featured-wrapper\"><a href=\"https:\/\/clinicadentalondarreta.com\/fr\/tratamiento\/odontopediatria\"><img width=\"770\" height=\"500\" src=\"https:\/\/clinicadentalondarreta.com\/wp-content\/uploads\/2018\/12\/img-02-770x500.jpg\" class=\"attachment-thsn-img-770x500 size-thsn-img-770x500 wp-post-image\" alt=\"\" data-id=\"12110\" \/><\/a><\/div>\t\n\t\t<div class=\"themesion-box-content\">\t\t\t\t\t\t\n\t\t\t<div class=\"themesion-box-content-inner\">\n\t\t\t\t<div class=\"thsn-service-icon\">\n\t\t\t\t\t<div class=\"thsn-service-icon-wrapper\">\n\t\t\t\t\t\t<i class=\"thsn-dentiq-icon thsn-dentiq-icon-girl\"><\/i>\t\t\t\t\t<\/div>\n\t\t\t\t<\/div>\n\t\t\t\t<h3 class=\"thsn-service-title\"><a href=\"https:\/\/clinicadentalondarreta.com\/fr\/tratamiento\/odontopediatria\">Dentisterie p\u00e9diatrique<\/a><\/h3> \n\t\t\t<\/div>\n\t\t<\/div>\n\t<\/div>\n<\/article>\n<\/div><div class=\"thsn-ele thsn-service-ele col-md-4\"><article class=\"themesion-ele themesion-ele-service thsn-service-style-4\">\n\t<div class=\"themesion-post-item\">\t\t\t  \n\t\t<div class=\"thsn-featured-wrapper\"><a href=\"https:\/\/clinicadentalondarreta.com\/fr\/tratamiento\/protesis\"><img width=\"770\" height=\"500\" src=\"https:\/\/clinicadentalondarreta.com\/wp-content\/uploads\/2018\/10\/protesis-dental-clinica-dental-moratalaz-66-770x500.jpg\" class=\"attachment-thsn-img-770x500 size-thsn-img-770x500 wp-post-image\" alt=\"imagen de protesis dental clinica dental Premi\u00e0\" data-id=\"12712\" \/><\/a><\/div>\t\n\t\t<div class=\"themesion-box-content\">\t\t\t\t\t\t\n\t\t\t<div class=\"themesion-box-content-inner\">\n\t\t\t\t<div class=\"thsn-service-icon\">\n\t\t\t\t\t<div class=\"thsn-service-icon-wrapper\">\n\t\t\t\t\t\t<i class=\"thsn-dentiq-icon thsn-dentiq-icon-dental-insurance-1\"><\/i>\t\t\t\t\t<\/div>\n\t\t\t\t<\/div>\n\t\t\t\t<h3 class=\"thsn-service-title\"><a href=\"https:\/\/clinicadentalondarreta.com\/fr\/tratamiento\/protesis\">Proth\u00e8se<\/a><\/h3> \n\t\t\t<\/div>\n\t\t<\/div>\n\t<\/div>\n<\/article>\n<\/div><div class=\"thsn-ele thsn-service-ele col-md-4\"><article class=\"themesion-ele themesion-ele-service thsn-service-style-4\">\n\t<div class=\"themesion-post-item\">\t\t\t  \n\t\t<div class=\"thsn-featured-wrapper\"><a href=\"https:\/\/clinicadentalondarreta.com\/fr\/tratamiento\/periodoncia\"><img width=\"770\" height=\"500\" src=\"https:\/\/clinicadentalondarreta.com\/wp-content\/uploads\/2018\/12\/Tratamiento-Periodoncia-Clinica-Dental-Moratalaz-66-770x500.jpg\" class=\"attachment-thsn-img-770x500 size-thsn-img-770x500 wp-post-image\" alt=\"\" data-id=\"12673\" \/><\/a><\/div>\t\n\t\t<div class=\"themesion-box-content\">\t\t\t\t\t\t\n\t\t\t<div class=\"themesion-box-content-inner\">\n\t\t\t\t<div class=\"thsn-service-icon\">\n\t\t\t\t\t<div class=\"thsn-service-icon-wrapper\">\n\t\t\t\t\t\t<i class=\"thsn-dentiq-icon thsn-dentiq-icon-chair\"><\/i>\t\t\t\t\t<\/div>\n\t\t\t\t<\/div>\n\t\t\t\t<h3 class=\"thsn-service-title\"><a href=\"https:\/\/clinicadentalondarreta.com\/fr\/tratamiento\/periodoncia\">Parodontie<\/a><\/h3> \n\t\t\t<\/div>\n\t\t<\/div>\n\t<\/div>\n<\/article>\n<\/div><div class=\"thsn-ele thsn-service-ele col-md-4\"><article class=\"themesion-ele themesion-ele-service thsn-service-style-4\">\n\t<div class=\"themesion-post-item\">\t\t\t  \n\t\t<div class=\"thsn-featured-wrapper\"><a href=\"https:\/\/clinicadentalondarreta.com\/fr\/tratamiento\/endodoncia\"><img width=\"770\" height=\"500\" src=\"https:\/\/clinicadentalondarreta.com\/wp-content\/uploads\/2020\/06\/ENDODONCIA-CLINICA-LANCHARES-770x500.jpg\" class=\"attachment-thsn-img-770x500 size-thsn-img-770x500 wp-post-image\" alt=\"\" data-id=\"13506\" \/><\/a><\/div>\t\n\t\t<div class=\"themesion-box-content\">\t\t\t\t\t\t\n\t\t\t<div class=\"themesion-box-content-inner\">\n\t\t\t\t<div class=\"thsn-service-icon\">\n\t\t\t\t\t<div class=\"thsn-service-icon-wrapper\">\n\t\t\t\t\t\t<i class=\"thsn-dentiq-icon thsn-dentiq-icon-insurance\"><\/i>\t\t\t\t\t<\/div>\n\t\t\t\t<\/div>\n\t\t\t\t<h3 class=\"thsn-service-title\"><a href=\"https:\/\/clinicadentalondarreta.com\/fr\/tratamiento\/endodoncia\">Endodontie<\/a><\/h3> \n\t\t\t<\/div>\n\t\t<\/div>\n\t<\/div>\n<\/article>\n<\/div><div class=\"thsn-ele thsn-service-ele col-md-4\"><article class=\"themesion-ele themesion-ele-service thsn-service-style-4\">\n\t<div class=\"themesion-post-item\">\t\t\t  \n\t\t<div class=\"thsn-featured-wrapper\"><a href=\"https:\/\/clinicadentalondarreta.com\/fr\/tratamiento\/ortodoncia-invisible\"><img width=\"770\" height=\"500\" src=\"https:\/\/clinicadentalondarreta.com\/wp-content\/uploads\/2018\/10\/ortodoncia-invisible-invisalign-madrid-770x500.jpg\" class=\"attachment-thsn-img-770x500 size-thsn-img-770x500 wp-post-image\" alt=\"imagen de ortodoncia invisible invisalign Premi\u00e0\" data-id=\"12688\" \/><\/a><\/div>\t\n\t\t<div class=\"themesion-box-content\">\t\t\t\t\t\t\n\t\t\t<div class=\"themesion-box-content-inner\">\n\t\t\t\t<div class=\"thsn-service-icon\">\n\t\t\t\t\t<div class=\"thsn-service-icon-wrapper\">\n\t\t\t\t\t\t<i class=\"thsn-dentiq-icon thsn-dentiq-icon-braces-1\"><\/i>\t\t\t\t\t<\/div>\n\t\t\t\t<\/div>\n\t\t\t\t<h3 class=\"thsn-service-title\"><a href=\"https:\/\/clinicadentalondarreta.com\/fr\/tratamiento\/ortodoncia-invisible\">Orthodontie invisible<\/a><\/h3> \n\t\t\t<\/div>\n\t\t<\/div>\n\t<\/div>\n<\/article>\n<\/div><div class=\"thsn-ele thsn-service-ele col-md-4\"><article class=\"themesion-ele themesion-ele-service thsn-service-style-4\">\n\t<div class=\"themesion-post-item\">\t\t\t  \n\t\t<div class=\"thsn-featured-wrapper\"><a href=\"https:\/\/clinicadentalondarreta.com\/fr\/tratamiento\/estetica-dental\"><img width=\"770\" height=\"500\" src=\"https:\/\/clinicadentalondarreta.com\/wp-content\/uploads\/2018\/10\/Diseno-sin-titulo-3-770x500.jpg\" class=\"attachment-thsn-img-770x500 size-thsn-img-770x500 wp-post-image\" alt=\"imagen de estetica dental en ondarreta\" data-id=\"14767\" \/><\/a><\/div>\t\n\t\t<div class=\"themesion-box-content\">\t\t\t\t\t\t\n\t\t\t<div class=\"themesion-box-content-inner\">\n\t\t\t\t<div class=\"thsn-service-icon\">\n\t\t\t\t\t<div class=\"thsn-service-icon-wrapper\">\n\t\t\t\t\t\t<i class=\"thsn-dentiq-icon thsn-dentiq-icon-tooth-5\"><\/i>\t\t\t\t\t<\/div>\n\t\t\t\t<\/div>\n\t\t\t\t<h3 class=\"thsn-service-title\"><a href=\"https:\/\/clinicadentalondarreta.com\/fr\/tratamiento\/estetica-dental\">Esth\u00e9tique dentaire<\/a><\/h3> \n\t\t\t<\/div>\n\t\t<\/div>\n\t<\/div>\n<\/article>\n<\/div><div class=\"thsn-ele thsn-service-ele col-md-4\"><article class=\"themesion-ele themesion-ele-service thsn-service-style-4\">\n\t<div class=\"themesion-post-item\">\t\t\t  \n\t\t<div class=\"thsn-featured-wrapper\"><a href=\"https:\/\/clinicadentalondarreta.com\/fr\/tratamiento\/implantes-dentales\"><img width=\"770\" height=\"500\" src=\"https:\/\/clinicadentalondarreta.com\/wp-content\/uploads\/2018\/09\/Diseno-sin-titulo-4-770x500.jpg\" class=\"attachment-thsn-img-770x500 size-thsn-img-770x500 wp-post-image\" alt=\"imagen de implantes dentales en ondarreta dental\" data-id=\"14768\" \/><\/a><\/div>\t\n\t\t<div class=\"themesion-box-content\">\t\t\t\t\t\t\n\t\t\t<div class=\"themesion-box-content-inner\">\n\t\t\t\t<div class=\"thsn-service-icon\">\n\t\t\t\t\t<div class=\"thsn-service-icon-wrapper\">\n\t\t\t\t\t\t<i class=\"thsn-dentiq-icon thsn-dentiq-icon-prosthesis\"><\/i>\t\t\t\t\t<\/div>\n\t\t\t\t<\/div>\n\t\t\t\t<h3 class=\"thsn-service-title\"><a href=\"https:\/\/clinicadentalondarreta.com\/fr\/tratamiento\/implantes-dentales\">Implants dentaires<\/a><\/h3> \n\t\t\t<\/div>\n\t\t<\/div>\n\t<\/div>\n<\/article>\n<\/div><\/div><\/div><!-- .themesion-element-inner -->   <\/div><!-- .themesion-element -->  \t\t<\/div>\n\t<\/div>\n<\/div>\n<\/div>\n<div class=\"vc_row-full-width vc_clearfix\"><\/div><div id=\"cita\" data-vc-full-width=\"true\" data-vc-full-width-init=\"false\" class=\"vc_row wpb_row vc_row-fluid vc_custom_1613962887689 thsn-row thsn-text-color-yes thsn-text-color-white thsn-bg-color-yes thsn-bg-color-globalcolor thsn-zindex-zero thsn-bgimage-over-bgcolor vc_row-has-fill vc_row-o-content-middle vc_row-flex\">\n\t\t\t<div class=\"wpb_column vc_column_container vc_col-sm-8 thsn-column thsn-bg-color-yes thsn-bg-color-transparent thsn-zindex-zero\">\n\t<div class=\"vc_column-inner\">\n\t\t\t<div class=\"wpb_wrapper\">\n\t\t\t<div  class=\"thsn-ihbox thsn-ihbox-style-10  thsn-reverse-heading-yes\" >\r\n\t<div class=\"thsn-ihbox-contents\">\r\n\t\t<div class=\"thsn-ihbox-headingicon d-flex align-items-center\">\r\n\t\t\t<div class=\"thsn-ihbox-icon\"><div class=\"thsn-ihbox-icon-wrapper\"><i class=\"thsn-dentiq-icon thsn-dentiq-icon-healthcare-and-medical\"><\/i><\/div><\/div>\t\t\t<div class=\"thsn-ihbox-contents\">\r\n\t\t\t\t<div class=\"thsn-ihbox-subheading\"><\/div>\t\t\t\t<div class=\"thsn-ihbox-heading\"><\/div>\t\t\t\t\t\t\t\t\t\t\t<\/div><!-- .thsn-ihbox-contents -->\r\n\t\t<\/div>\r\n\t<\/div>\r\n<\/div>\r\n\t\t<\/div>\n\t<\/div>\n<\/div>\n<div class=\"wpb_column vc_column_container vc_col-sm-4 thsn-column thsn-bg-color-yes thsn-bg-color-transparent thsn-zindex-zero thsn-responsive-custom-63721479\">\n\t<div class=\"vc_column-inner\">\n\t\t\t<div class=\"wpb_wrapper\">\n\t\t\t<div class=\"vc_empty_space\"   style=\"height: 18px\"><span class=\"vc_empty_space_inner\"><\/span><\/div>\n\t<div class=\"wpb_text_column wpb_content_element\" >\n\t\t<div class=\"wpb_wrapper\">\n\t\t\t<h2 style=\"text-align: center;\">Demander une date<\/h2>\n\n\t\t<\/div>\n\t<\/div>\n\n\t<div class=\"wpb_raw_code wpb_content_element wpb_raw_html\" >\n\t\t<div class=\"wpb_wrapper\">\n\t\t\t<center> <div id=\"nta-wabutton-13207\" style=\"margin: 30px 0 30px;\"><a target=\"_blank\" href=\"https:\/\/web.whatsapp.com\/send?phone=34636303096\" class=\"wa__button wa__r_button wa__stt_online wa__btn_w_icon\"><div class=\"wa__btn_icon\"><img src=\"https:\/\/clinicadentalondarreta.com\/wp-content\/plugins\/whatsapp-for-wordpress\/assets\/img\/whatsapp_logo.svg\" alt=\"img\"\/><\/div><div class=\"wa__btn_txt\"><div class=\"wa__cs_info\"><div class=\"wa__cs_name\">Demander une date<\/div><div class=\"wa__cs_status\">Online<\/div><\/div><div class=\"wa__btn_title\">Ravi de vous servir !<\/div><\/div><\/a><\/div> <\/center>\n\t\t<\/div>\n\t<\/div>\n\n\t<div class=\"wpb_text_column wpb_content_element\" >\n\t\t<div class=\"wpb_wrapper\">\n\t\t\t<h5 style=\"text-align: center;\"><span style=\"color: #ffffff;\"><strong style=\"color: #ffffff;\"><span style=\"color: #ffffff;\"><a style=\"color: #ffffff;\" href=\"tel:943210838\">Appelez-nous : 943210838 | 943219347 <\/a><\/span><\/strong><\/span><\/h5>\n<h5 style=\"text-align: center;\"><span style=\"color: #ffffff;\"><strong style=\"color: #ffffff;\"><span style=\"color: #ffffff;\"><a style=\"color: #ffffff;\" href=\"mailto:info@clinicadentalondarreta.com\">\u00c9crivez-nous : info@clinicadentalondarreta.com<\/a> <\/span><\/strong><\/span><\/h5>\n\n\t\t<\/div>\n\t<\/div>\n\t\t<\/div>\n\t<\/div>\n<\/div>\n<\/div>\n<div class=\"vc_row-full-width vc_clearfix\"><\/div>","protected":false},"excerpt":{"rendered":"RECUPERA TUS DIENTES DE LA FORMA M\u00c1S NATURAL IMPLANTES DENTALES Y REGENERACI\u00d3N \u00d3SEA IMPLANTES DENTALES Y REGENERACI\u00d3N \u00d3SEA RECUPERA TUS DIENTES DE LA FORMA M\u00c1S NATURAL Tel\u00e9fonos de la Cl\u00ednica: 943210838 | 943219347 Lunes, Martes, Mi\u00e9rcoles y Jueves: 09:00-13:00 y 16:00-20:00, Viernes: 9:00-16:00 Solicitar CitaOnline\u00a1Encantados de Atenderte! Implantes Dentales En Cl\u00ednica Dental Ondarreta apostamos por [...]","protected":false},"author":1,"featured_media":0,"parent":0,"menu_order":11,"comment_status":"closed","ping_status":"closed","template":"","meta":{"footnotes":""},"acf":[],"yoast_head":"<!-- This site is optimized with the Yoast SEO Premium plugin v16.5 (Yoast SEO v18.6) - https:\/\/yoast.com\/wordpress\/plugins\/seo\/ -->\n<title>Tratamientos - Cl\u00ednica Dental Ondarreta<\/title>\n<meta name=\"robots\" content=\"index, follow, max-snippet:-1, max-image-preview:large, max-video-preview:-1\" \/>\n<link rel=\"canonical\" href=\"https:\/\/clinicadentalondarreta.com\/fr\/tratamientos\/\" \/>\n<meta property=\"og:locale\" content=\"fr_FR\" \/>\n<meta property=\"og:type\" content=\"article\" \/>\n<meta property=\"og:title\" content=\"Tratamientos\" \/>\n<meta property=\"og:url\" content=\"https:\/\/clinicadentalondarreta.com\/fr\/tratamientos\/\" \/>\n<meta property=\"og:site_name\" content=\"Cl\u00ednica Dental Ondarreta\" \/>\n<meta property=\"article:publisher\" content=\"https:\/\/www.facebook.com\/ramonsotoymiriamroderoclinicadental\" \/>\n<meta property=\"article:modified_time\" content=\"2021-07-27T15:56:31+00:00\" \/>\n<meta name=\"twitter:card\" content=\"summary_large_image\" \/>\n<meta name=\"twitter:label1\" content=\"Dur\u00e9e de lecture estim\u00e9e\" \/>\n\t<meta name=\"twitter:data1\" content=\"1 minute\" \/>\n<script type=\"application\/ld+json\" class=\"yoast-schema-graph\">{\"@context\":\"https:\/\/schema.org\",\"@graph\":[{\"@type\":[\"Organization\",\"Place\",\"MedicalClinic\"],\"@id\":\"https:\/\/clinicadentalondarreta.com\/esp\/#organization\",\"name\":\"Dental Cea Bermudez 46\",\"url\":\"https:\/\/clinicadentalondarreta.com\/esp\/\",\"sameAs\":[\"https:\/\/www.facebook.com\/ramonsotoymiriamroderoclinicadental\"],\"logo\":{\"@type\":\"ImageObject\",\"@id\":\"https:\/\/clinicadentalondarreta.com\/esp\/#logo\",\"inLanguage\":\"fr-FR\",\"url\":\"\",\"contentUrl\":\"\",\"caption\":\"Dental Cea Bermudez 46\"},\"image\":{\"@id\":\"https:\/\/clinicadentalondarreta.com\/esp\/#logo\"},\"location\":{\"@id\":\"https:\/\/clinicadentalondarreta.com\/eu\/tratamientos#local-place\"},\"address\":{\"@id\":\"https:\/\/clinicadentalondarreta.com\/eu\/tratamientos#local-place-address\"},\"email\":\"info@clinicadentalondarreta.com\",\"telephone\":\"915 33 31 31\",\"areaServed\":\"Madrid\",\"currenciesAccepted\":\"\u20ac\",\"paymentAccepted\":\"Efectivo, Financiaci\u00f3n, Tarjeta de d\u00e9bito\/cr\u00e9dito, Transferencia bancaria\"},{\"@type\":\"WebSite\",\"@id\":\"https:\/\/clinicadentalondarreta.com\/esp\/#website\",\"url\":\"https:\/\/clinicadentalondarreta.com\/esp\/\",\"name\":\"Cl\u00ednica Dental Ondarreta\",\"description\":\"Cl\u00ednica Dental en San Sebasti\u00e1n\",\"publisher\":{\"@id\":\"https:\/\/clinicadentalondarreta.com\/esp\/#organization\"},\"potentialAction\":[{\"@type\":\"SearchAction\",\"target\":{\"@type\":\"EntryPoint\",\"urlTemplate\":\"https:\/\/clinicadentalondarreta.com\/esp\/?s={search_term_string}\"},\"query-input\":\"required name=search_term_string\"}],\"inLanguage\":\"fr-FR\"},{\"@type\":\"WebPage\",\"@id\":\"https:\/\/clinicadentalondarreta.com\/eu\/tratamientos#webpage\",\"url\":\"https:\/\/clinicadentalondarreta.com\/eu\/tratamientos\",\"name\":\"Tratamientos - Cl\u00ednica Dental Ondarreta\",\"isPartOf\":{\"@id\":\"https:\/\/clinicadentalondarreta.com\/esp\/#website\"},\"datePublished\":\"2018-11-30T09:54:59+00:00\",\"dateModified\":\"2021-07-27T15:56:31+00:00\",\"breadcrumb\":{\"@id\":\"https:\/\/clinicadentalondarreta.com\/eu\/tratamientos#breadcrumb\"},\"inLanguage\":\"fr-FR\",\"potentialAction\":[{\"@type\":\"ReadAction\",\"target\":[\"https:\/\/clinicadentalondarreta.com\/eu\/tratamientos\"]}]},{\"@type\":\"BreadcrumbList\",\"@id\":\"https:\/\/clinicadentalondarreta.com\/eu\/tratamientos#breadcrumb\",\"itemListElement\":[{\"@type\":\"ListItem\",\"position\":1,\"name\":\"Home\",\"item\":\"https:\/\/clinicadentalondarreta.com\/\"},{\"@type\":\"ListItem\",\"position\":2,\"name\":\"Tratamientos\"}]},{\"@type\":\"Place\",\"@id\":\"https:\/\/clinicadentalondarreta.com\/eu\/tratamientos#local-place\",\"address\":{\"@type\":\"PostalAddress\",\"@id\":\"https:\/\/clinicadentalondarreta.com\/eu\/tratamientos#local-place-address\",\"streetAddress\":\"Calle Cea Bermudez 46, 1\u00ba Centro, 28003, Madrid\",\"addressLocality\":\"Madrid\",\"postalCode\":\"28003\",\"addressRegion\":\"Comunidad de Madrid\",\"addressCountry\":\"ES\"},\"geo\":{\"@type\":\"GeoCoordinates\",\"latitude\":\"\",\"longitude\":\"\"},\"openingHoursSpecification\":[{\"@type\":\"OpeningHoursSpecification\",\"dayOfWeek\":[\"Monday\",\"Tuesday\",\"Wednesday\",\"Thursday\",\"Friday\"],\"opens\":\"09:00\",\"closes\":\"19:00\"},{\"@type\":\"OpeningHoursSpecification\",\"dayOfWeek\":[\"Saturday\",\"Sunday\"],\"opens\":\"00:00\",\"closes\":\"00:00\"}],\"telephone\":\"915 33 31 31\"}]}<\/script>\n<!-- \/ Yoast SEO Premium plugin. -->","yoast_head_json":{"title":"Tratamientos - Cl\u00ednica Dental Ondarreta","robots":{"index":"index","follow":"follow","max-snippet":"max-snippet:-1","max-image-preview":"max-image-preview:large","max-video-preview":"max-video-preview:-1"},"canonical":"https:\/\/clinicadentalondarreta.com\/fr\/tratamientos\/","og_locale":"fr_FR","og_type":"article","og_title":"Tratamientos","og_url":"https:\/\/clinicadentalondarreta.com\/fr\/tratamientos\/","og_site_name":"Cl\u00ednica Dental Ondarreta","article_publisher":"https:\/\/www.facebook.com\/ramonsotoymiriamroderoclinicadental","article_modified_time":"2021-07-27T15:56:31+00:00","twitter_card":"summary_large_image","twitter_misc":{"Dur\u00e9e de lecture estim\u00e9e":"1 minute"},"schema":{"@context":"https:\/\/schema.org","@graph":[{"@type":["Organization","Place","MedicalClinic"],"@id":"https:\/\/clinicadentalondarreta.com\/esp\/#organization","name":"Dental Cea Bermudez 46","url":"https:\/\/clinicadentalondarreta.com\/esp\/","sameAs":["https:\/\/www.facebook.com\/ramonsotoymiriamroderoclinicadental"],"logo":{"@type":"ImageObject","@id":"https:\/\/clinicadentalondarreta.com\/esp\/#logo","inLanguage":"fr-FR","url":"","contentUrl":"","caption":"Dental Cea Bermudez 46"},"image":{"@id":"https:\/\/clinicadentalondarreta.com\/esp\/#logo"},"location":{"@id":"https:\/\/clinicadentalondarreta.com\/eu\/tratamientos#local-place"},"address":{"@id":"https:\/\/clinicadentalondarreta.com\/eu\/tratamientos#local-place-address"},"email":"info@clinicadentalondarreta.com","telephone":"915 33 31 31","areaServed":"Madrid","currenciesAccepted":"\u20ac","paymentAccepted":"Efectivo, Financiaci\u00f3n, Tarjeta de d\u00e9bito\/cr\u00e9dito, Transferencia bancaria"},{"@type":"WebSite","@id":"https:\/\/clinicadentalondarreta.com\/esp\/#website","url":"https:\/\/clinicadentalondarreta.com\/esp\/","name":"Cl\u00ednica Dental Ondarreta","description":"Cl\u00ednica Dental en San Sebasti\u00e1n","publisher":{"@id":"https:\/\/clinicadentalondarreta.com\/esp\/#organization"},"potentialAction":[{"@type":"SearchAction","target":{"@type":"EntryPoint","urlTemplate":"https:\/\/clinicadentalondarreta.com\/esp\/?s={search_term_string}"},"query-input":"required name=search_term_string"}],"inLanguage":"fr-FR"},{"@type":"WebPage","@id":"https:\/\/clinicadentalondarreta.com\/eu\/tratamientos#webpage","url":"https:\/\/clinicadentalondarreta.com\/eu\/tratamientos","name":"Tratamientos - Cl\u00ednica Dental Ondarreta","isPartOf":{"@id":"https:\/\/clinicadentalondarreta.com\/esp\/#website"},"datePublished":"2018-11-30T09:54:59+00:00","dateModified":"2021-07-27T15:56:31+00:00","breadcrumb":{"@id":"https:\/\/clinicadentalondarreta.com\/eu\/tratamientos#breadcrumb"},"inLanguage":"fr-FR","potentialAction":[{"@type":"ReadAction","target":["https:\/\/clinicadentalondarreta.com\/eu\/tratamientos"]}]},{"@type":"BreadcrumbList","@id":"https:\/\/clinicadentalondarreta.com\/eu\/tratamientos#breadcrumb","itemListElement":[{"@type":"ListItem","position":1,"name":"Home","item":"https:\/\/clinicadentalondarreta.com\/"},{"@type":"ListItem","position":2,"name":"Tratamientos"}]},{"@type":"Place","@id":"https:\/\/clinicadentalondarreta.com\/eu\/tratamientos#local-place","address":{"@type":"PostalAddress","@id":"https:\/\/clinicadentalondarreta.com\/eu\/tratamientos#local-place-address","streetAddress":"Calle Cea Bermudez 46, 1\u00ba Centro, 28003, Madrid","addressLocality":"Madrid","postalCode":"28003","addressRegion":"Comunidad de Madrid","addressCountry":"ES"},"geo":{"@type":"GeoCoordinates","latitude":"","longitude":""},"openingHoursSpecification":[{"@type":"OpeningHoursSpecification","dayOfWeek":["Monday","Tuesday","Wednesday","Thursday","Friday"],"opens":"09:00","closes":"19:00"},{"@type":"OpeningHoursSpecification","dayOfWeek":["Saturday","Sunday"],"opens":"00:00","closes":"00:00"}],"telephone":"915 33 31 31"}]}},"_links":{"self":[{"href":"https:\/\/clinicadentalondarreta.com\/fr\/wp-json\/wp\/v2\/pages\/8560"}],"collection":[{"href":"https:\/\/clinicadentalondarreta.com\/fr\/wp-json\/wp\/v2\/pages"}],"about":[{"href":"https:\/\/clinicadentalondarreta.com\/fr\/wp-json\/wp\/v2\/types\/page"}],"author":[{"embeddable":true,"href":"https:\/\/clinicadentalondarreta.com\/fr\/wp-json\/wp\/v2\/users\/1"}],"replies":[{"embeddable":true,"href":"https:\/\/clinicadentalondarreta.com\/fr\/wp-json\/wp\/v2\/comments?post=8560"}],"version-history":[{"count":1,"href":"https:\/\/clinicadentalondarreta.com\/fr\/wp-json\/wp\/v2\/pages\/8560\/revisions"}],"predecessor-version":[{"id":14582,"href":"https:\/\/clinicadentalondarreta.com\/fr\/wp-json\/wp\/v2\/pages\/8560\/revisions\/14582"}],"wp:attachment":[{"href":"https:\/\/clinicadentalondarreta.com\/fr\/wp-json\/wp\/v2\/media?parent=8560"}],"curies":[{"name":"wp","href":"https:\/\/api.w.org\/{rel}","templated":true}]}}