{"id":14623,"date":"2021-07-27T17:55:20","date_gmt":"2021-07-27T17:55:20","guid":{"rendered":"https:\/\/clinicadentalondarreta.com\/?page_id=14623"},"modified":"2021-07-27T17:55:37","modified_gmt":"2021-07-27T17:55:37","slug":"blog","status":"publish","type":"page","link":"https:\/\/clinicadentalondarreta.com\/eu\/blog","title":{"rendered":"Bloga"},"content":{"rendered":"<div class=\"vc_row wpb_row vc_row-fluid thsn-row thsn-bg-color-yes thsn-bg-color-transparent thsn-zindex-zero\">\n\t\t\t<div class=\"wpb_column vc_column_container vc_col-sm-12 thsn-column thsn-bg-color-yes thsn-bg-color-transparent thsn-zindex-zero\">\n\t<div class=\"vc_column-inner\">\n\t\t\t<div class=\"wpb_wrapper\">\n\t\t\t<div  class=\"themesion-element themesion-element-blog thsn-element-blog-style-1 themesion-element-viewtype-row-column thsn-sortable-no\" data-show=\"3\" data-columns=\"3\" data-loop=\"false\" data-autoplay=\"false\" data-center=\"false\" data-nav=\"false\" data-dots=\"false\" data-autoplayspeed=\"1000\" data-margin=\"\"><div class=\"themesion-element-inner\"><div  class=\"thsn-ihbox thsn-ihbox-style-hsbox  thsn-align-center\" >\r\n\t\t\t\t\t<div class=\"thsn-ihbox-contents\">\r\n\t\t\t<div class=\"thsn-ihbox-heading\"><\/div>\t\t\t<div class=\"thsn-ihbox-subheading\"><\/div>\t\t\t<div class=\"thsn-ihbox-content\">Ikasi ahozko osasun ona zaintzen eta mantentzen.<\/div>\t\t\t\t\t<\/div><!-- .thsn-ihbox-contents -->\r\n\t\t\t<\/div>\r\n<div class=\"thsn-element-posts-wrapper row multi-columns-row\"><div class=\"thsn-ele thsn-blog-ele col-md-4\"><article class=\"themesion-ele themesion-ele-blog thsn-blogbox-style-1 post-32 post type-post status-publish format-standard has-post-thumbnail hentry category-ondarreta-dental tag-implantes-dentales\">\n\t<div class=\"post-item\">\n\t\t<div class=\"thsn-featured-container\">\n\t\t\t<div class=\"thsn-featured-wrapper\"><a href=\"https:\/\/clinicadentalondarreta.com\/eu\/puede-un-implante-dental-causar-rechazo\"><img width=\"540\" height=\"300\" src=\"https:\/\/clinicadentalondarreta.com\/wp-content\/uploads\/2021\/06\/Implantes-dentales-rechazo.jpeg\" class=\"attachment-thsn-img-770x500 size-thsn-img-770x500 wp-post-image\" alt=\"\" srcset=\"https:\/\/clinicadentalondarreta.com\/wp-content\/uploads\/2021\/06\/Implantes-dentales-rechazo.jpeg 540w, https:\/\/clinicadentalondarreta.com\/wp-content\/uploads\/2021\/06\/Implantes-dentales-rechazo-300x167.jpeg 300w, https:\/\/clinicadentalondarreta.com\/wp-content\/uploads\/2021\/06\/Implantes-dentales-rechazo-16x9.jpeg 16w\" sizes=\"(max-width: 540px) 100vw, 540px\" data-id=\"14617\" \/><\/a><\/div>\t\t\t<div class=\"thsn-meta-category\"><a href=\"https:\/\/clinicadentalondarreta.com\/eu\/category\/ondarreta-dental\" rel=\"category tag\">Hortz Ondarreta<\/a><\/div>\n\t\t<\/div>\n\t\t<div class=\"themesion-box-content\">\n\t\t\t<div class=\"thsn-meta-container\">\n\t\t\t\t<div class=\"thsn-meta-date-wrapper thsn-meta-line\">\n\t\t\t\t\t<div class=\"thsn-meta-date\"><i class=\"thsn-base-icon-calendar-1\"><\/i> Eka 27, 2021<\/div>\n\t\t\t\t<\/div>\n\t\t\t\t\t\t\t\t\t\t\t<\/div>\n\t\t\t<h3 class=\"thsn-post-title\"><a href=\"https:\/\/clinicadentalondarreta.com\/eu\/puede-un-implante-dental-causar-rechazo\">Hortz inplante batek errefusa eragin dezake?<\/a><\/h3>\n\t\t\t\t<div class=\"themesion-box-desc\">\n\t\t\t\t<div class=\"themesion-box-desc-text\">\n\t\t\t\t\t<p>Hortz-inplante onenek ere errefusa eragin diezaioke pazienteari. Jakin nahi al duzu nola eta zergatik gertatzen den hau? esaten dizugu.<\/p>\n\t\t\t\t\t<a class=\"vc_general vc_btn3 vc_btn3-size-md vc_btn3-shape-round vc_btn3-style-flat vc_btn3-color-secondarycolor\" href=\"https:\/\/clinicadentalondarreta.com\/eu\/puede-un-implante-dental-causar-rechazo\">Irakurri gehiago<\/a> \n\t\t\t\t<\/div>\n\t\t\t<\/div>\n\t\t<\/div>\n\t<\/div>\n<\/article>\n<\/div><div class=\"thsn-ele thsn-blog-ele col-md-4\"><article class=\"themesion-ele themesion-ele-blog thsn-blogbox-style-1 post-24 post type-post status-publish format-standard has-post-thumbnail hentry category-ondarreta-dental tag-ortodoncia-invisible\">\n\t<div class=\"post-item\">\n\t\t<div class=\"thsn-featured-container\">\n\t\t\t<div class=\"thsn-featured-wrapper\"><a href=\"https:\/\/clinicadentalondarreta.com\/eu\/todo-lo-que-necesitas-saber-sobre-ortodoncia-invisible\"><img width=\"540\" height=\"300\" src=\"https:\/\/clinicadentalondarreta.com\/wp-content\/uploads\/2021\/06\/Ortodoncia-Invisible.jpeg\" class=\"attachment-thsn-img-770x500 size-thsn-img-770x500 wp-post-image\" alt=\"\" srcset=\"https:\/\/clinicadentalondarreta.com\/wp-content\/uploads\/2021\/06\/Ortodoncia-Invisible.jpeg 540w, https:\/\/clinicadentalondarreta.com\/wp-content\/uploads\/2021\/06\/Ortodoncia-Invisible-300x167.jpeg 300w, https:\/\/clinicadentalondarreta.com\/wp-content\/uploads\/2021\/06\/Ortodoncia-Invisible-16x9.jpeg 16w\" sizes=\"(max-width: 540px) 100vw, 540px\" data-id=\"14615\" \/><\/a><\/div>\t\t\t<div class=\"thsn-meta-category\"><a href=\"https:\/\/clinicadentalondarreta.com\/eu\/category\/ondarreta-dental\" rel=\"category tag\">Hortz Ondarreta<\/a><\/div>\n\t\t<\/div>\n\t\t<div class=\"themesion-box-content\">\n\t\t\t<div class=\"thsn-meta-container\">\n\t\t\t\t<div class=\"thsn-meta-date-wrapper thsn-meta-line\">\n\t\t\t\t\t<div class=\"thsn-meta-date\"><i class=\"thsn-base-icon-calendar-1\"><\/i> Eka 25, 2021<\/div>\n\t\t\t\t<\/div>\n\t\t\t\t\t\t\t\t\t\t\t<\/div>\n\t\t\t<h3 class=\"thsn-post-title\"><a href=\"https:\/\/clinicadentalondarreta.com\/eu\/todo-lo-que-necesitas-saber-sobre-ortodoncia-invisible\">Ortodontzia Ikusezinari buruz jakin behar duzun guztia<\/a><\/h3>\n\t\t\t\t<div class=\"themesion-box-desc\">\n\t\t\t\t<div class=\"themesion-box-desc-text\">\n\t\t\t\t\t<p>Gaur egungo teknologiari esker, beti nahi izan duzun irribarrea lortzea ahalbidetzen du giltza tradizional eta erakargarriekin bizi behar izan gabe.<\/p>\n\t\t\t\t\t<a class=\"vc_general vc_btn3 vc_btn3-size-md vc_btn3-shape-round vc_btn3-style-flat vc_btn3-color-secondarycolor\" href=\"https:\/\/clinicadentalondarreta.com\/eu\/todo-lo-que-necesitas-saber-sobre-ortodoncia-invisible\">Irakurri gehiago<\/a> \n\t\t\t\t<\/div>\n\t\t\t<\/div>\n\t\t<\/div>\n\t<\/div>\n<\/article>\n<\/div><div class=\"thsn-ele thsn-blog-ele col-md-4\"><article class=\"themesion-ele themesion-ele-blog thsn-blogbox-style-1 post-40 post type-post status-publish format-standard has-post-thumbnail hentry category-ondarreta-dental tag-implantes-dentales\">\n\t<div class=\"post-item\">\n\t\t<div class=\"thsn-featured-container\">\n\t\t\t<div class=\"thsn-featured-wrapper\"><a href=\"https:\/\/clinicadentalondarreta.com\/eu\/los-6-errores-comunes-sobre-los-implantes-dentales\"><img width=\"540\" height=\"300\" src=\"https:\/\/clinicadentalondarreta.com\/wp-content\/uploads\/2021\/06\/Mitos-Implantes-Dentales.jpeg\" class=\"attachment-thsn-img-770x500 size-thsn-img-770x500 wp-post-image\" alt=\"\" srcset=\"https:\/\/clinicadentalondarreta.com\/wp-content\/uploads\/2021\/06\/Mitos-Implantes-Dentales.jpeg 540w, https:\/\/clinicadentalondarreta.com\/wp-content\/uploads\/2021\/06\/Mitos-Implantes-Dentales-300x167.jpeg 300w, https:\/\/clinicadentalondarreta.com\/wp-content\/uploads\/2021\/06\/Mitos-Implantes-Dentales-16x9.jpeg 16w\" sizes=\"(max-width: 540px) 100vw, 540px\" data-id=\"14616\" \/><\/a><\/div>\t\t\t<div class=\"thsn-meta-category\"><a href=\"https:\/\/clinicadentalondarreta.com\/eu\/category\/ondarreta-dental\" rel=\"category tag\">Hortz Ondarreta<\/a><\/div>\n\t\t<\/div>\n\t\t<div class=\"themesion-box-content\">\n\t\t\t<div class=\"thsn-meta-container\">\n\t\t\t\t<div class=\"thsn-meta-date-wrapper thsn-meta-line\">\n\t\t\t\t\t<div class=\"thsn-meta-date\"><i class=\"thsn-base-icon-calendar-1\"><\/i> Eka 23, 2021<\/div>\n\t\t\t\t<\/div>\n\t\t\t\t\t\t\t\t\t\t\t<\/div>\n\t\t\t<h3 class=\"thsn-post-title\"><a href=\"https:\/\/clinicadentalondarreta.com\/eu\/los-6-errores-comunes-sobre-los-implantes-dentales\">Hortz-inplanteei buruzko mitoak<\/a><\/h3>\n\t\t\t\t<div class=\"themesion-box-desc\">\n\t\t\t\t<div class=\"themesion-box-desc-text\">\n\t\t\t\t\t<p>Gaur egun posible da hortz-inplanteak edukitzea nahiz eta oso hezur gutxi izan, birsortzeko teknikak baitaude.<\/p>\n\t\t\t\t\t<a class=\"vc_general vc_btn3 vc_btn3-size-md vc_btn3-shape-round vc_btn3-style-flat vc_btn3-color-secondarycolor\" href=\"https:\/\/clinicadentalondarreta.com\/eu\/los-6-errores-comunes-sobre-los-implantes-dentales\">Irakurri gehiago<\/a> \n\t\t\t\t<\/div>\n\t\t\t<\/div>\n\t\t<\/div>\n\t<\/div>\n<\/article>\n<\/div><\/div><\/div><!-- .themesion-element-inner -->   <\/div><!-- .themesion-element -->  \t\t<\/div>\n\t<\/div>\n<\/div>\n<\/div>","protected":false},"excerpt":{"rendered":"Los implantes dentales producen alergias o rechazos. Es una afirmaci\u00f3n totalmente falsa, ya que los implantes dentales son de titanio y una de las caracter\u00edsticas del titanio es que es altamente biocompatible con todos los tejidos del cuerpo humano. Lo sucede en ocasiones es que no se llega a producir la osteointegraci\u00f3n del implante con [...]","protected":false},"author":1,"featured_media":0,"parent":0,"menu_order":0,"comment_status":"closed","ping_status":"closed","template":"","meta":{"footnotes":""},"acf":[],"yoast_head":"<!-- This site is optimized with the Yoast SEO Premium plugin v16.5 (Yoast SEO v18.6) - https:\/\/yoast.com\/wordpress\/plugins\/seo\/ -->\n<title>Blog - Cl\u00ednica Dental Ondarreta<\/title>\n<meta name=\"robots\" content=\"index, follow, max-snippet:-1, max-image-preview:large, max-video-preview:-1\" \/>\n<link rel=\"canonical\" href=\"https:\/\/clinicadentalondarreta.com\/eu\/blog\/\" \/>\n<meta property=\"og:locale\" content=\"en_US\" \/>\n<meta property=\"og:type\" content=\"article\" \/>\n<meta property=\"og:title\" content=\"Blog\" \/>\n<meta property=\"og:url\" content=\"https:\/\/clinicadentalondarreta.com\/eu\/blog\/\" \/>\n<meta property=\"og:site_name\" content=\"Cl\u00ednica Dental Ondarreta\" \/>\n<meta property=\"article:publisher\" content=\"https:\/\/www.facebook.com\/ramonsotoymiriamroderoclinicadental\" \/>\n<meta property=\"article:modified_time\" content=\"2021-07-27T17:55:37+00:00\" \/>\n<meta name=\"twitter:card\" content=\"summary_large_image\" \/>\n<meta name=\"twitter:label1\" content=\"Est. reading time\" \/>\n\t<meta name=\"twitter:data1\" content=\"1 minutua\" \/>\n<script type=\"application\/ld+json\" class=\"yoast-schema-graph\">{\"@context\":\"https:\/\/schema.org\",\"@graph\":[{\"@type\":[\"Organization\",\"Place\",\"MedicalClinic\"],\"@id\":\"https:\/\/clinicadentalondarreta.com\/esp\/#organization\",\"name\":\"Dental Cea Bermudez 46\",\"url\":\"https:\/\/clinicadentalondarreta.com\/esp\/\",\"sameAs\":[\"https:\/\/www.facebook.com\/ramonsotoymiriamroderoclinicadental\"],\"logo\":{\"@type\":\"ImageObject\",\"@id\":\"https:\/\/clinicadentalondarreta.com\/esp\/#logo\",\"inLanguage\":\"eu\",\"url\":\"\",\"contentUrl\":\"\",\"caption\":\"Dental Cea Bermudez 46\"},\"image\":{\"@id\":\"https:\/\/clinicadentalondarreta.com\/esp\/#logo\"},\"location\":{\"@id\":\"https:\/\/clinicadentalondarreta.com\/esp\/blog#local-place\"},\"address\":{\"@id\":\"https:\/\/clinicadentalondarreta.com\/esp\/blog#local-place-address\"},\"email\":\"info@clinicadentalondarreta.com\",\"telephone\":\"915 33 31 31\",\"areaServed\":\"Madrid\",\"currenciesAccepted\":\"\u20ac\",\"paymentAccepted\":\"Efectivo, Financiaci\u00f3n, Tarjeta de d\u00e9bito\/cr\u00e9dito, Transferencia bancaria\"},{\"@type\":\"WebSite\",\"@id\":\"https:\/\/clinicadentalondarreta.com\/esp\/#website\",\"url\":\"https:\/\/clinicadentalondarreta.com\/esp\/\",\"name\":\"Cl\u00ednica Dental Ondarreta\",\"description\":\"Cl\u00ednica Dental en San Sebasti\u00e1n\",\"publisher\":{\"@id\":\"https:\/\/clinicadentalondarreta.com\/esp\/#organization\"},\"potentialAction\":[{\"@type\":\"SearchAction\",\"target\":{\"@type\":\"EntryPoint\",\"urlTemplate\":\"https:\/\/clinicadentalondarreta.com\/esp\/?s={search_term_string}\"},\"query-input\":\"required name=search_term_string\"}],\"inLanguage\":\"eu\"},{\"@type\":\"WebPage\",\"@id\":\"https:\/\/clinicadentalondarreta.com\/esp\/blog#webpage\",\"url\":\"https:\/\/clinicadentalondarreta.com\/esp\/blog\",\"name\":\"Blog - Cl\u00ednica Dental Ondarreta\",\"isPartOf\":{\"@id\":\"https:\/\/clinicadentalondarreta.com\/esp\/#website\"},\"datePublished\":\"2021-07-27T17:55:20+00:00\",\"dateModified\":\"2021-07-27T17:55:37+00:00\",\"breadcrumb\":{\"@id\":\"https:\/\/clinicadentalondarreta.com\/esp\/blog#breadcrumb\"},\"inLanguage\":\"eu\",\"potentialAction\":[{\"@type\":\"ReadAction\",\"target\":[\"https:\/\/clinicadentalondarreta.com\/esp\/blog\"]}]},{\"@type\":\"BreadcrumbList\",\"@id\":\"https:\/\/clinicadentalondarreta.com\/esp\/blog#breadcrumb\",\"itemListElement\":[{\"@type\":\"ListItem\",\"position\":1,\"name\":\"Home\",\"item\":\"https:\/\/clinicadentalondarreta.com\/\"},{\"@type\":\"ListItem\",\"position\":2,\"name\":\"Blog\"}]},{\"@type\":\"Place\",\"@id\":\"https:\/\/clinicadentalondarreta.com\/esp\/blog#local-place\",\"address\":{\"@type\":\"PostalAddress\",\"@id\":\"https:\/\/clinicadentalondarreta.com\/esp\/blog#local-place-address\",\"streetAddress\":\"Calle Cea Bermudez 46, 1\u00ba Centro, 28003, Madrid\",\"addressLocality\":\"Madrid\",\"postalCode\":\"28003\",\"addressRegion\":\"Comunidad de Madrid\",\"addressCountry\":\"ES\"},\"geo\":{\"@type\":\"GeoCoordinates\",\"latitude\":\"\",\"longitude\":\"\"},\"openingHoursSpecification\":[{\"@type\":\"OpeningHoursSpecification\",\"dayOfWeek\":[\"Monday\",\"Tuesday\",\"Wednesday\",\"Thursday\",\"Friday\"],\"opens\":\"09:00\",\"closes\":\"19:00\"},{\"@type\":\"OpeningHoursSpecification\",\"dayOfWeek\":[\"Saturday\",\"Sunday\"],\"opens\":\"00:00\",\"closes\":\"00:00\"}],\"telephone\":\"915 33 31 31\"}]}<\/script>\n<!-- \/ Yoast SEO Premium plugin. -->","yoast_head_json":{"title":"Blog - Cl\u00ednica Dental Ondarreta","robots":{"index":"index","follow":"follow","max-snippet":"max-snippet:-1","max-image-preview":"max-image-preview:large","max-video-preview":"max-video-preview:-1"},"canonical":"https:\/\/clinicadentalondarreta.com\/eu\/blog\/","og_locale":"en_US","og_type":"article","og_title":"Blog","og_url":"https:\/\/clinicadentalondarreta.com\/eu\/blog\/","og_site_name":"Cl\u00ednica Dental Ondarreta","article_publisher":"https:\/\/www.facebook.com\/ramonsotoymiriamroderoclinicadental","article_modified_time":"2021-07-27T17:55:37+00:00","twitter_card":"summary_large_image","twitter_misc":{"Est. reading time":"1 minutua"},"schema":{"@context":"https:\/\/schema.org","@graph":[{"@type":["Organization","Place","MedicalClinic"],"@id":"https:\/\/clinicadentalondarreta.com\/esp\/#organization","name":"Dental Cea Bermudez 46","url":"https:\/\/clinicadentalondarreta.com\/esp\/","sameAs":["https:\/\/www.facebook.com\/ramonsotoymiriamroderoclinicadental"],"logo":{"@type":"ImageObject","@id":"https:\/\/clinicadentalondarreta.com\/esp\/#logo","inLanguage":"eu","url":"","contentUrl":"","caption":"Dental Cea Bermudez 46"},"image":{"@id":"https:\/\/clinicadentalondarreta.com\/esp\/#logo"},"location":{"@id":"https:\/\/clinicadentalondarreta.com\/esp\/blog#local-place"},"address":{"@id":"https:\/\/clinicadentalondarreta.com\/esp\/blog#local-place-address"},"email":"info@clinicadentalondarreta.com","telephone":"915 33 31 31","areaServed":"Madrid","currenciesAccepted":"\u20ac","paymentAccepted":"Efectivo, Financiaci\u00f3n, Tarjeta de d\u00e9bito\/cr\u00e9dito, Transferencia bancaria"},{"@type":"WebSite","@id":"https:\/\/clinicadentalondarreta.com\/esp\/#website","url":"https:\/\/clinicadentalondarreta.com\/esp\/","name":"Cl\u00ednica Dental Ondarreta","description":"Cl\u00ednica Dental en San Sebasti\u00e1n","publisher":{"@id":"https:\/\/clinicadentalondarreta.com\/esp\/#organization"},"potentialAction":[{"@type":"SearchAction","target":{"@type":"EntryPoint","urlTemplate":"https:\/\/clinicadentalondarreta.com\/esp\/?s={search_term_string}"},"query-input":"required name=search_term_string"}],"inLanguage":"eu"},{"@type":"WebPage","@id":"https:\/\/clinicadentalondarreta.com\/esp\/blog#webpage","url":"https:\/\/clinicadentalondarreta.com\/esp\/blog","name":"Blog - Cl\u00ednica Dental Ondarreta","isPartOf":{"@id":"https:\/\/clinicadentalondarreta.com\/esp\/#website"},"datePublished":"2021-07-27T17:55:20+00:00","dateModified":"2021-07-27T17:55:37+00:00","breadcrumb":{"@id":"https:\/\/clinicadentalondarreta.com\/esp\/blog#breadcrumb"},"inLanguage":"eu","potentialAction":[{"@type":"ReadAction","target":["https:\/\/clinicadentalondarreta.com\/esp\/blog"]}]},{"@type":"BreadcrumbList","@id":"https:\/\/clinicadentalondarreta.com\/esp\/blog#breadcrumb","itemListElement":[{"@type":"ListItem","position":1,"name":"Home","item":"https:\/\/clinicadentalondarreta.com\/"},{"@type":"ListItem","position":2,"name":"Blog"}]},{"@type":"Place","@id":"https:\/\/clinicadentalondarreta.com\/esp\/blog#local-place","address":{"@type":"PostalAddress","@id":"https:\/\/clinicadentalondarreta.com\/esp\/blog#local-place-address","streetAddress":"Calle Cea Bermudez 46, 1\u00ba Centro, 28003, Madrid","addressLocality":"Madrid","postalCode":"28003","addressRegion":"Comunidad de Madrid","addressCountry":"ES"},"geo":{"@type":"GeoCoordinates","latitude":"","longitude":""},"openingHoursSpecification":[{"@type":"OpeningHoursSpecification","dayOfWeek":["Monday","Tuesday","Wednesday","Thursday","Friday"],"opens":"09:00","closes":"19:00"},{"@type":"OpeningHoursSpecification","dayOfWeek":["Saturday","Sunday"],"opens":"00:00","closes":"00:00"}],"telephone":"915 33 31 31"}]}},"_links":{"self":[{"href":"https:\/\/clinicadentalondarreta.com\/eu\/wp-json\/wp\/v2\/pages\/14623"}],"collection":[{"href":"https:\/\/clinicadentalondarreta.com\/eu\/wp-json\/wp\/v2\/pages"}],"about":[{"href":"https:\/\/clinicadentalondarreta.com\/eu\/wp-json\/wp\/v2\/types\/page"}],"author":[{"embeddable":true,"href":"https:\/\/clinicadentalondarreta.com\/eu\/wp-json\/wp\/v2\/users\/1"}],"replies":[{"embeddable":true,"href":"https:\/\/clinicadentalondarreta.com\/eu\/wp-json\/wp\/v2\/comments?post=14623"}],"version-history":[{"count":2,"href":"https:\/\/clinicadentalondarreta.com\/eu\/wp-json\/wp\/v2\/pages\/14623\/revisions"}],"predecessor-version":[{"id":14626,"href":"https:\/\/clinicadentalondarreta.com\/eu\/wp-json\/wp\/v2\/pages\/14623\/revisions\/14626"}],"wp:attachment":[{"href":"https:\/\/clinicadentalondarreta.com\/eu\/wp-json\/wp\/v2\/media?parent=14623"}],"curies":[{"name":"wp","href":"https:\/\/api.w.org\/{rel}","templated":true}]}}